{"id":19,"date":"2017-11-05T15:17:16","date_gmt":"2017-11-05T14:17:16","guid":{"rendered":"http:\/\/localhost\/aws\/?page_id=19"},"modified":"2026-01-12T19:18:02","modified_gmt":"2026-01-12T18:18:02","slug":"news","status":"publish","type":"page","link":"https:\/\/www.aller-weser-chapter.de\/?page_id=19","title":{"rendered":"News"},"content":{"rendered":"\n<p><strong>Aller-Weser-Chapter Bremen e.V. ehrt seine langj\u00e4hrigen Mitglieder<\/strong><\/p>\n\n\n\n<p>Ein besonderer H\u00f6hepunkt unseres ersten Chapter-Abends in diesem Jahr war die Auszeichnung unserer langj\u00e4hrigen Mitglieder. Es bereitet stets gro\u00dfe Freude, das Engagement und die Treue der Mitglieder zu ehren. Im Jahr 2025 feierten vier Mitglieder ihr 30-j\u00e4hriges Jubil\u00e4um im Aller-Weser-Chapter Bremen e.V., zwei weitere blicken auf 25 Jahre Mitgliedschaft zur\u00fcck. Insgesamt gab es 17 Jubilare, von denen acht anwesend waren und ihre wohlverdienten Patches pers\u00f6nlich entgegennehmen konnten.<\/p>\n\n\n\n<figure class=\"wp-block-image size-large\"><img fetchpriority=\"high\" decoding=\"async\" width=\"1024\" height=\"555\" src=\"https:\/\/www.aller-weser-chapter.de\/wp-content\/uploads\/2026\/01\/IMG_0981_2-1-1024x555.jpg\" alt=\"\" class=\"wp-image-11787\" srcset=\"https:\/\/www.aller-weser-chapter.de\/wp-content\/uploads\/2026\/01\/IMG_0981_2-1-1024x555.jpg 1024w, https:\/\/www.aller-weser-chapter.de\/wp-content\/uploads\/2026\/01\/IMG_0981_2-1-300x163.jpg 300w, https:\/\/www.aller-weser-chapter.de\/wp-content\/uploads\/2026\/01\/IMG_0981_2-1-768x416.jpg 768w, https:\/\/www.aller-weser-chapter.de\/wp-content\/uploads\/2026\/01\/IMG_0981_2-1-1536x832.jpg 1536w, https:\/\/www.aller-weser-chapter.de\/wp-content\/uploads\/2026\/01\/IMG_0981_2-1-2048x1110.jpg 2048w\" sizes=\"(max-width: 1024px) 100vw, 1024px\" \/><\/figure>\n\n\n\n<div class=\"wp-block-group\"><div class=\"wp-block-group__inner-container is-layout-constrained wp-block-group-is-layout-constrained\">\n<div class=\"wp-block-group is-vertical is-layout-flex wp-container-core-group-is-layout-1 wp-block-group-is-layout-flex\">\n<p>Vorne (v.l.n.r.): Unser Dealer-Team Malte &amp; Steffen B\u00f6rjes, B\u00f6rjes American Bikes, Harley-Davidson Bremen<\/p>\n\n\n\n<p>Hinten (v.l.n.r.): J\u00fcrgen, Andreas, Rolf, Flamme, Jochen, Klaus-Dieter.<\/p>\n<\/div>\n<\/div><\/div>\n","protected":false},"excerpt":{"rendered":"<p>Aller-Weser-Chapter Bremen e.V. ehrt seine langj\u00e4hrigen Mitglieder Ein besonderer H\u00f6hepunkt unseres ersten Chapter-Abends in diesem Jahr war die Auszeichnung unserer langj\u00e4hrigen Mitglieder. Es bereitet stets gro\u00dfe Freude, das Engagement und [&hellip;]<\/p>\n","protected":false},"author":1,"featured_media":0,"parent":0,"menu_order":2,"comment_status":"closed","ping_status":"closed","template":"","meta":{"ocean_post_layout":"","ocean_both_sidebars_style":"","ocean_both_sidebars_content_width":0,"ocean_both_sidebars_sidebars_width":0,"ocean_sidebar":"","ocean_second_sidebar":"","ocean_disable_margins":"enable","ocean_add_body_class":"","ocean_shortcode_before_top_bar":"","ocean_shortcode_after_top_bar":"","ocean_shortcode_before_header":"","ocean_shortcode_after_header":"","ocean_has_shortcode":"","ocean_shortcode_after_title":"","ocean_shortcode_before_footer_widgets":"","ocean_shortcode_after_footer_widgets":"","ocean_shortcode_before_footer_bottom":"","ocean_shortcode_after_footer_bottom":"","ocean_display_top_bar":"default","ocean_display_header":"default","ocean_header_style":"","ocean_center_header_left_menu":"","ocean_custom_header_template":"","ocean_custom_logo":0,"ocean_custom_retina_logo":0,"ocean_custom_logo_max_width":0,"ocean_custom_logo_tablet_max_width":0,"ocean_custom_logo_mobile_max_width":0,"ocean_custom_logo_max_height":0,"ocean_custom_logo_tablet_max_height":0,"ocean_custom_logo_mobile_max_height":0,"ocean_header_custom_menu":"","ocean_menu_typo_font_family":"","ocean_menu_typo_font_subset":"","ocean_menu_typo_font_size":0,"ocean_menu_typo_font_size_tablet":0,"ocean_menu_typo_font_size_mobile":0,"ocean_menu_typo_font_size_unit":"px","ocean_menu_typo_font_weight":"","ocean_menu_typo_font_weight_tablet":"","ocean_menu_typo_font_weight_mobile":"","ocean_menu_typo_transform":"","ocean_menu_typo_transform_tablet":"","ocean_menu_typo_transform_mobile":"","ocean_menu_typo_line_height":0,"ocean_menu_typo_line_height_tablet":0,"ocean_menu_typo_line_height_mobile":0,"ocean_menu_typo_line_height_unit":"","ocean_menu_typo_spacing":0,"ocean_menu_typo_spacing_tablet":0,"ocean_menu_typo_spacing_mobile":0,"ocean_menu_typo_spacing_unit":"","ocean_menu_link_color":"","ocean_menu_link_color_hover":"","ocean_menu_link_color_active":"","ocean_menu_link_background":"","ocean_menu_link_hover_background":"","ocean_menu_link_active_background":"","ocean_menu_social_links_bg":"","ocean_menu_social_hover_links_bg":"","ocean_menu_social_links_color":"","ocean_menu_social_hover_links_color":"","ocean_disable_title":"default","ocean_disable_heading":"default","ocean_post_title":"","ocean_post_subheading":"","ocean_post_title_style":"","ocean_post_title_background_color":"","ocean_post_title_background":0,"ocean_post_title_bg_image_position":"","ocean_post_title_bg_image_attachment":"","ocean_post_title_bg_image_repeat":"","ocean_post_title_bg_image_size":"","ocean_post_title_height":0,"ocean_post_title_bg_overlay":0.5,"ocean_post_title_bg_overlay_color":"","ocean_disable_breadcrumbs":"default","ocean_breadcrumbs_color":"","ocean_breadcrumbs_separator_color":"","ocean_breadcrumbs_links_color":"","ocean_breadcrumbs_links_hover_color":"","ocean_display_footer_widgets":"default","ocean_display_footer_bottom":"default","ocean_custom_footer_template":"","footnotes":""},"_links":{"self":[{"href":"https:\/\/www.aller-weser-chapter.de\/index.php?rest_route=\/wp\/v2\/pages\/19"}],"collection":[{"href":"https:\/\/www.aller-weser-chapter.de\/index.php?rest_route=\/wp\/v2\/pages"}],"about":[{"href":"https:\/\/www.aller-weser-chapter.de\/index.php?rest_route=\/wp\/v2\/types\/page"}],"author":[{"embeddable":true,"href":"https:\/\/www.aller-weser-chapter.de\/index.php?rest_route=\/wp\/v2\/users\/1"}],"replies":[{"embeddable":true,"href":"https:\/\/www.aller-weser-chapter.de\/index.php?rest_route=%2Fwp%2Fv2%2Fcomments&post=19"}],"version-history":[{"count":3,"href":"https:\/\/www.aller-weser-chapter.de\/index.php?rest_route=\/wp\/v2\/pages\/19\/revisions"}],"predecessor-version":[{"id":11789,"href":"https:\/\/www.aller-weser-chapter.de\/index.php?rest_route=\/wp\/v2\/pages\/19\/revisions\/11789"}],"wp:attachment":[{"href":"https:\/\/www.aller-weser-chapter.de\/index.php?rest_route=%2Fwp%2Fv2%2Fmedia&parent=19"}],"curies":[{"name":"wp","href":"https:\/\/api.w.org\/{rel}","templated":true}]}}