{"id":8,"date":"2017-11-05T15:06:40","date_gmt":"2017-11-05T14:06:40","guid":{"rendered":"http:\/\/localhost\/aws\/?page_id=8"},"modified":"2025-10-01T16:20:20","modified_gmt":"2025-10-01T14:20:20","slug":"chapter","status":"publish","type":"page","link":"https:\/\/www.aller-weser-chapter.de\/?page_id=8","title":{"rendered":"Chapter"},"content":{"rendered":"\t\t<div data-elementor-type=\"wp-page\" data-elementor-id=\"8\" class=\"elementor elementor-8\">\n\t\t\t\t<div class=\"elementor-element elementor-element-ce46634 e-flex e-con-boxed e-con e-parent\" data-id=\"ce46634\" data-element_type=\"container\">\n\t\t\t\t\t<div class=\"e-con-inner\">\n\t\t\t\t<div class=\"elementor-element elementor-element-481e17a elementor-widget elementor-widget-heading\" data-id=\"481e17a\" data-element_type=\"widget\" data-widget_type=\"heading.default\">\n\t\t\t\t<div class=\"elementor-widget-container\">\n\t\t\t\t\t<h2 class=\"elementor-heading-title elementor-size-default\">Aller-Weser-Chapter Bremen e.V. \u2013 Wir leben Harley-Spirit im Norden<\/h2>\t\t\t\t<\/div>\n\t\t\t\t<\/div>\n\t\t\t\t<div class=\"elementor-element elementor-element-5e61288 elementor-widget elementor-widget-text-editor\" data-id=\"5e61288\" data-element_type=\"widget\" data-widget_type=\"text-editor.default\">\n\t\t\t\t<div class=\"elementor-widget-container\">\n\t\t\t\t\t\t\t\t\t<p>Seit \u00fcber 30 Jahren sind wir die Harley-Davidson\u00ae Community f\u00fcr Bremen, Stuhr und das Umland entlang von Aller und Weser. Was uns verbindet, ist die Freude am gemeinsamen Fahren, ein famili\u00e4rer Teamgeist und der Wunsch, Gutes in unserer Region zu bewegen. Als offizielles H.O.G.\u00ae Chapter sind wir offen f\u00fcr alle Harley-Fahrerinnen und -Fahrer, die Kameradschaft, Sicherheit und Leidenschaft auf zwei R\u00e4dern sch\u00e4tzen.<\/p>\t\t\t\t\t\t\t\t<\/div>\n\t\t\t\t<\/div>\n\t\t\t\t<div class=\"elementor-element elementor-element-a86a4a2 elementor-widget elementor-widget-heading\" data-id=\"a86a4a2\" data-element_type=\"widget\" data-widget_type=\"heading.default\">\n\t\t\t\t<div class=\"elementor-widget-container\">\n\t\t\t\t\t<h2 class=\"elementor-heading-title elementor-size-default\">Wer wir sind<\/h2>\t\t\t\t<\/div>\n\t\t\t\t<\/div>\n\t\t\t\t<div class=\"elementor-element elementor-element-1bed022 elementor-widget elementor-widget-text-editor\" data-id=\"1bed022\" data-element_type=\"widget\" data-widget_type=\"text-editor.default\">\n\t\t\t\t<div class=\"elementor-widget-container\">\n\t\t\t\t\t\t\t\t\t<p>Wir sind das <strong data-start=\"809\" data-end=\"844\">Aller-Weser-Chapter Bremen e.V.<\/strong> mit Sitz in Stuhr (Niedersachsen). Unser Vorstand und die Officer-Crew k\u00fcmmern sich um Organisation, Sicherheit, Tourenplanung, Medien und Mitgliederservice. <strong data-start=\"1003\" data-end=\"1050\">Sponsoring Dealer ist B\u00f6rjes American Bikes<\/strong> \u2013 damit haben wir einen starken Partner an unserer Seite, wenn es um Technik, Zubeh\u00f6r und Events geht.<\/p>\t\t\t\t\t\t\t\t<\/div>\n\t\t\t\t<\/div>\n\t\t\t\t\t<\/div>\n\t\t\t\t<\/div>\n\t\t\t\t<section class=\"elementor-section elementor-top-section elementor-element elementor-element-ebd844a elementor-section-stretched elementor-section-boxed elementor-section-height-default elementor-section-height-default\" data-id=\"ebd844a\" data-element_type=\"section\" data-settings=\"{&quot;stretch_section&quot;:&quot;section-stretched&quot;,&quot;background_background&quot;:&quot;classic&quot;}\">\n\t\t\t\t\t\t<div class=\"elementor-container elementor-column-gap-wider\">\n\t\t\t\t\t<div class=\"elementor-column elementor-col-100 elementor-top-column elementor-element elementor-element-c815f92\" data-id=\"c815f92\" data-element_type=\"column\">\n\t\t\t<div class=\"elementor-widget-wrap elementor-element-populated\">\n\t\t\t\t\t\t<div class=\"elementor-element elementor-element-d768d30 elementor-widget elementor-widget-image\" data-id=\"d768d30\" data-element_type=\"widget\" data-widget_type=\"image.default\">\n\t\t\t\t<div class=\"elementor-widget-container\">\n\t\t\t\t\t\t\t\t\t\t\t\t\t\t\t<img fetchpriority=\"high\" decoding=\"async\" width=\"1024\" height=\"614\" src=\"https:\/\/www.aller-weser-chapter.de\/wp-content\/uploads\/2024\/06\/cropped-1-53-1024x614.jpg\" class=\"attachment-large size-large wp-image-11386\" alt=\"\" srcset=\"https:\/\/www.aller-weser-chapter.de\/wp-content\/uploads\/2024\/06\/cropped-1-53-1024x614.jpg 1024w, https:\/\/www.aller-weser-chapter.de\/wp-content\/uploads\/2024\/06\/cropped-1-53-300x180.jpg 300w, https:\/\/www.aller-weser-chapter.de\/wp-content\/uploads\/2024\/06\/cropped-1-53-768x461.jpg 768w, https:\/\/www.aller-weser-chapter.de\/wp-content\/uploads\/2024\/06\/cropped-1-53-1536x922.jpg 1536w, https:\/\/www.aller-weser-chapter.de\/wp-content\/uploads\/2024\/06\/cropped-1-53.jpg 2000w\" sizes=\"(max-width: 1024px) 100vw, 1024px\" \/>\t\t\t\t\t\t\t\t\t\t\t\t\t\t\t<\/div>\n\t\t\t\t<\/div>\n\t\t\t\t\t<\/div>\n\t\t<\/div>\n\t\t\t\t\t<\/div>\n\t\t<\/section>\n\t\t<div class=\"elementor-element elementor-element-359824c e-flex e-con-boxed e-con e-parent\" data-id=\"359824c\" data-element_type=\"container\">\n\t\t\t\t\t<div class=\"e-con-inner\">\n\t\t\t\t<div class=\"elementor-element elementor-element-cd3f276 elementor-widget elementor-widget-heading\" data-id=\"cd3f276\" data-element_type=\"widget\" data-widget_type=\"heading.default\">\n\t\t\t\t<div class=\"elementor-widget-container\">\n\t\t\t\t\t<h2 class=\"elementor-heading-title elementor-size-default\">Was wir machen<\/h2>\t\t\t\t<\/div>\n\t\t\t\t<\/div>\n\t\t\t\t<div class=\"elementor-element elementor-element-405724f elementor-widget elementor-widget-text-editor\" data-id=\"405724f\" data-element_type=\"widget\" data-widget_type=\"text-editor.default\">\n\t\t\t\t<div class=\"elementor-widget-container\">\n\t\t\t\t\t\t\t\t\t<p>Von der <strong data-start=\"1219\" data-end=\"1249\">Auftakt- und Abschlusstour<\/strong> \u00fcber <strong data-start=\"1255\" data-end=\"1289\">Tages- und Wochenendausfahrten<\/strong> bis hin zu <strong data-start=\"1301\" data-end=\"1329\">Fahrsicherheitstrainings<\/strong>: Unser Kalender ist so abwechslungsreich wie unsere Truppe. Regelm\u00e4\u00dfig besuchen wir Ziele in Norddeutschland und den Niederlanden \u2013 z. B. Groningen, Sneek oder die Holsteinische Schweiz. Eindr\u00fccke davon findest du in unserer <a href=\"https:\/\/www.aller-weser-chapter.de\/?cat=4\">Galerie<\/a>.<\/p>\t\t\t\t\t\t\t\t<\/div>\n\t\t\t\t<\/div>\n\t\t\t\t<div class=\"elementor-element elementor-element-88a74fe elementor-widget elementor-widget-heading\" data-id=\"88a74fe\" data-element_type=\"widget\" data-widget_type=\"heading.default\">\n\t\t\t\t<div class=\"elementor-widget-container\">\n\t\t\t\t\t<h2 class=\"elementor-heading-title elementor-size-default\">Unser Chapterabend<\/h2>\t\t\t\t<\/div>\n\t\t\t\t<\/div>\n\t\t\t\t<div class=\"elementor-element elementor-element-e411ad2 elementor-widget elementor-widget-text-editor\" data-id=\"e411ad2\" data-element_type=\"widget\" data-widget_type=\"text-editor.default\">\n\t\t\t\t<div class=\"elementor-widget-container\">\n\t\t\t\t\t\t\t\t\t<p>Der <strong data-start=\"1629\" data-end=\"1645\">Chapterabend<\/strong> ist unser Treffpunkt f\u00fcr alle Themen rund ums Chapter: jeden <strong data-start=\"1707\" data-end=\"1773\">1. Mittwoch im Monat um 20:00 Uhr im Paulaner\u2019s im Wehrschloss<\/strong> (Hastedter Osterdeich 230, 28207 Bremen). G\u00e4ste sind herzlich willkommen \u2013 sprich uns einfach an!<\/p>\t\t\t\t\t\t\t\t<\/div>\n\t\t\t\t<\/div>\n\t\t\t\t<div class=\"elementor-element elementor-element-5edc515 elementor-widget elementor-widget-heading\" data-id=\"5edc515\" data-element_type=\"widget\" data-widget_type=\"heading.default\">\n\t\t\t\t<div class=\"elementor-widget-container\">\n\t\t\t\t\t<h2 class=\"elementor-heading-title elementor-size-default\">Engagement & Charity<\/h2>\t\t\t\t<\/div>\n\t\t\t\t<\/div>\n\t\t\t\t<div class=\"elementor-element elementor-element-3f93982 elementor-widget elementor-widget-text-editor\" data-id=\"3f93982\" data-element_type=\"widget\" data-widget_type=\"text-editor.default\">\n\t\t\t\t<div class=\"elementor-widget-container\">\n\t\t\t\t\t\t\t\t\t<p>Zusammen fahren hei\u00dft f\u00fcr uns auch zusammen anpacken. Wir unterst\u00fctzen regelm\u00e4\u00dfig <strong data-start=\"2017\" data-end=\"2044\">regionale Einrichtungen<\/strong> wie z.B. <strong data-start=\"2053\" data-end=\"2083\">Trauerland<\/strong>\u00a0und beteiligen uns an Charity-Aktionen der Biker-Community \u2013 z. B. der <strong data-start=\"2155\" data-end=\"2196\">Two Wheels for Life \/ The Great Relay<\/strong>-Kampagne.<\/p>\t\t\t\t\t\t\t\t<\/div>\n\t\t\t\t<\/div>\n\t\t\t\t<div class=\"elementor-element elementor-element-3f7cb11 elementor-widget elementor-widget-heading\" data-id=\"3f7cb11\" data-element_type=\"widget\" data-widget_type=\"heading.default\">\n\t\t\t\t<div class=\"elementor-widget-container\">\n\t\t\t\t\t<h2 class=\"elementor-heading-title elementor-size-default\">Mitglied werden<\/h2>\t\t\t\t<\/div>\n\t\t\t\t<\/div>\n\t\t\t\t<div class=\"elementor-element elementor-element-4eef83c elementor-widget elementor-widget-text-editor\" data-id=\"4eef83c\" data-element_type=\"widget\" data-widget_type=\"text-editor.default\">\n\t\t\t\t<div class=\"elementor-widget-container\">\n\t\t\t\t\t\t\t\t\t<p>Du m\u00f6chtest Teil unseres Chapters werden? Sende <strong data-start=\"2313\" data-end=\"2380\">Aufnahmeantrag, Einzugserm\u00e4chtigung und Datenschutzeinwilligung<\/strong> per E-Mail, Post oder gib sie <strong data-start=\"2411\" data-end=\"2443\">pers\u00f6nlich beim Chapterabend<\/strong> ab. <strong data-start=\"2448\" data-end=\"2468\">Eintrittstermine<\/strong> sind jeweils der <strong data-start=\"2486\" data-end=\"2499\">1. Januar<\/strong> und <strong data-start=\"2504\" data-end=\"2515\">1. Juli<\/strong>. Die Zeit dazwischen nutzen wir als <strong data-start=\"2552\" data-end=\"2574\">Eingew\u00f6hnungsphase<\/strong>, in der wir uns gegenseitig kennenlernen \u2013 auf und neben der Stra\u00dfe.<\/p>\t\t\t\t\t\t\t\t<\/div>\n\t\t\t\t<\/div>\n\t\t\t\t\t<\/div>\n\t\t\t\t<\/div>\n\t\t\t\t<section class=\"elementor-section elementor-top-section elementor-element elementor-element-4967f78 elementor-section-stretched elementor-section-boxed elementor-section-height-default elementor-section-height-default\" data-id=\"4967f78\" data-element_type=\"section\" data-settings=\"{&quot;stretch_section&quot;:&quot;section-stretched&quot;,&quot;background_background&quot;:&quot;classic&quot;}\">\n\t\t\t\t\t\t<div class=\"elementor-container elementor-column-gap-wider\">\n\t\t\t\t\t<div class=\"elementor-column elementor-col-100 elementor-top-column elementor-element elementor-element-0d3f670\" data-id=\"0d3f670\" data-element_type=\"column\">\n\t\t\t<div class=\"elementor-widget-wrap elementor-element-populated\">\n\t\t\t\t\t\t<div class=\"elementor-element elementor-element-c54fbd0 elementor-widget elementor-widget-heading\" data-id=\"c54fbd0\" data-element_type=\"widget\" data-widget_type=\"heading.default\">\n\t\t\t\t<div class=\"elementor-widget-container\">\n\t\t\t\t\t<h2 class=\"elementor-heading-title elementor-size-default\">Kontakt<\/h2>\t\t\t\t<\/div>\n\t\t\t\t<\/div>\n\t\t\t\t<div class=\"elementor-element elementor-element-6d0fd45 elementor-widget elementor-widget-text-editor\" data-id=\"6d0fd45\" data-element_type=\"widget\" data-widget_type=\"text-editor.default\">\n\t\t\t\t<div class=\"elementor-widget-container\">\n\t\t\t\t\t\t\t\t\t<p><strong data-start=\"2694\" data-end=\"2729\">Aller-Weser-Chapter Bremen e.V.<\/strong><br data-start=\"2729\" data-end=\"2732\" \/>Hauptstra\u00dfe 55, <strong data-start=\"2748\" data-end=\"2763\">28816 Stuhr<\/strong><br data-start=\"2763\" data-end=\"2766\" \/>E-Mail: <strong data-start=\"2774\" data-end=\"2808\"><a class=\"decorated-link cursor-pointer\" rel=\"noopener\" data-start=\"2776\" data-end=\"2806\">kontakt@aller-weser-chapter.de<\/a><\/strong><\/p>\t\t\t\t\t\t\t\t<\/div>\n\t\t\t\t<\/div>\n\t\t\t\t\t<\/div>\n\t\t<\/div>\n\t\t\t\t\t<\/div>\n\t\t<\/section>\n\t\t\t\t<\/div>\n\t\t","protected":false},"excerpt":{"rendered":"<p>Aller-Weser-Chapter Bremen e.V. \u2013 Wir leben Harley-Spirit im Norden Seit \u00fcber 30 Jahren sind wir die Harley-Davidson\u00ae Community f\u00fcr Bremen, Stuhr und das Umland entlang von Aller und Weser. Was [&hellip;]<\/p>\n","protected":false},"author":1,"featured_media":0,"parent":0,"menu_order":1,"comment_status":"closed","ping_status":"closed","template":"","meta":{"ocean_post_layout":"","ocean_both_sidebars_style":"","ocean_both_sidebars_content_width":0,"ocean_both_sidebars_sidebars_width":0,"ocean_sidebar":"","ocean_second_sidebar":"","ocean_disable_margins":"enable","ocean_add_body_class":"","ocean_shortcode_before_top_bar":"","ocean_shortcode_after_top_bar":"","ocean_shortcode_before_header":"","ocean_shortcode_after_header":"","ocean_has_shortcode":"","ocean_shortcode_after_title":"","ocean_shortcode_before_footer_widgets":"","ocean_shortcode_after_footer_widgets":"","ocean_shortcode_before_footer_bottom":"","ocean_shortcode_after_footer_bottom":"","ocean_display_top_bar":"default","ocean_display_header":"default","ocean_header_style":"","ocean_center_header_left_menu":"","ocean_custom_header_template":"","ocean_custom_logo":0,"ocean_custom_retina_logo":0,"ocean_custom_logo_max_width":0,"ocean_custom_logo_tablet_max_width":0,"ocean_custom_logo_mobile_max_width":0,"ocean_custom_logo_max_height":0,"ocean_custom_logo_tablet_max_height":0,"ocean_custom_logo_mobile_max_height":0,"ocean_header_custom_menu":"","ocean_menu_typo_font_family":"","ocean_menu_typo_font_subset":"","ocean_menu_typo_font_size":0,"ocean_menu_typo_font_size_tablet":0,"ocean_menu_typo_font_size_mobile":0,"ocean_menu_typo_font_size_unit":"px","ocean_menu_typo_font_weight":"","ocean_menu_typo_font_weight_tablet":"","ocean_menu_typo_font_weight_mobile":"","ocean_menu_typo_transform":"","ocean_menu_typo_transform_tablet":"","ocean_menu_typo_transform_mobile":"","ocean_menu_typo_line_height":0,"ocean_menu_typo_line_height_tablet":0,"ocean_menu_typo_line_height_mobile":0,"ocean_menu_typo_line_height_unit":"","ocean_menu_typo_spacing":0,"ocean_menu_typo_spacing_tablet":0,"ocean_menu_typo_spacing_mobile":0,"ocean_menu_typo_spacing_unit":"","ocean_menu_link_color":"","ocean_menu_link_color_hover":"","ocean_menu_link_color_active":"","ocean_menu_link_background":"","ocean_menu_link_hover_background":"","ocean_menu_link_active_background":"","ocean_menu_social_links_bg":"","ocean_menu_social_hover_links_bg":"","ocean_menu_social_links_color":"","ocean_menu_social_hover_links_color":"","ocean_disable_title":"default","ocean_disable_heading":"default","ocean_post_title":"","ocean_post_subheading":"","ocean_post_title_style":"","ocean_post_title_background_color":"","ocean_post_title_background":0,"ocean_post_title_bg_image_position":"","ocean_post_title_bg_image_attachment":"","ocean_post_title_bg_image_repeat":"","ocean_post_title_bg_image_size":"","ocean_post_title_height":0,"ocean_post_title_bg_overlay":0.5,"ocean_post_title_bg_overlay_color":"","ocean_disable_breadcrumbs":"default","ocean_breadcrumbs_color":"","ocean_breadcrumbs_separator_color":"","ocean_breadcrumbs_links_color":"","ocean_breadcrumbs_links_hover_color":"","ocean_display_footer_widgets":"default","ocean_display_footer_bottom":"default","ocean_custom_footer_template":"","footnotes":""},"_links":{"self":[{"href":"https:\/\/www.aller-weser-chapter.de\/index.php?rest_route=\/wp\/v2\/pages\/8"}],"collection":[{"href":"https:\/\/www.aller-weser-chapter.de\/index.php?rest_route=\/wp\/v2\/pages"}],"about":[{"href":"https:\/\/www.aller-weser-chapter.de\/index.php?rest_route=\/wp\/v2\/types\/page"}],"author":[{"embeddable":true,"href":"https:\/\/www.aller-weser-chapter.de\/index.php?rest_route=\/wp\/v2\/users\/1"}],"replies":[{"embeddable":true,"href":"https:\/\/www.aller-weser-chapter.de\/index.php?rest_route=%2Fwp%2Fv2%2Fcomments&post=8"}],"version-history":[{"count":13,"href":"https:\/\/www.aller-weser-chapter.de\/index.php?rest_route=\/wp\/v2\/pages\/8\/revisions"}],"predecessor-version":[{"id":11463,"href":"https:\/\/www.aller-weser-chapter.de\/index.php?rest_route=\/wp\/v2\/pages\/8\/revisions\/11463"}],"wp:attachment":[{"href":"https:\/\/www.aller-weser-chapter.de\/index.php?rest_route=%2Fwp%2Fv2%2Fmedia&parent=8"}],"curies":[{"name":"wp","href":"https:\/\/api.w.org\/{rel}","templated":true}]}}